{"id":581,"date":"2023-04-14T10:25:27","date_gmt":"2023-04-14T07:25:27","guid":{"rendered":"https:\/\/repojotos.fi\/canoe-transport-services\/"},"modified":"2023-04-28T08:48:54","modified_gmt":"2023-04-28T05:48:54","slug":"canoe-transport-services","status":"publish","type":"page","link":"https:\/\/repojotos.fi\/en\/canoe-transport-services\/","title":{"rendered":"Canoe transport services"},"content":{"rendered":"\n\n\t<section class=\"section\" id=\"section_1525773519\">\n\t\t<div class=\"section-bg fill\" >\n\t\t\t<img loading=\"lazy\" decoding=\"async\" width=\"1250\" height=\"700\" src=\"https:\/\/repojotos.fi\/wp-content\/uploads\/2023\/04\/1250x700_kuljetus.jpg\" class=\"bg attachment- size-\" alt=\"Kaupastamme saa kanootteja ja kajakkeja varusteineen. Teemme yhteisty\u00f6t\u00e4 Sumen tunnetuimman valmistajan ja maahantuojan, Welhonpes\u00e4n, kanssa.\" \/>\t\t\t\t\t\t\n\t\t\t\n\n\t\t<\/div>\n\n\t\t\n\n\t\t<div class=\"section-content relative\">\n\t\t\t\n\n<div class=\"row\" style=\"max-width:1200px\" id=\"row-1583164708\">\n\n\n\t<div id=\"col-238422514\" class=\"col medium-5 small-12 large-5\"  >\n\t\t\t\t<div class=\"col-inner\"  >\n\t\t\t\n\t\t\t\n\n\t<div id=\"gap-1242142759\" class=\"gap-element clearfix\" style=\"display:block; height:auto;\">\n\t\t\n<style>\n#gap-1242142759 {\n  padding-top: 0px;\n}\n@media (min-width:850px) {\n  #gap-1242142759 {\n    padding-top: 30px;\n  }\n}\n<\/style>\n\t<\/div>\n\t\n\n<div class=\"uxb-no-content uxb-image\">Upload Image...<\/div>\n\n\n\t\t<\/div>\n\t\t\t\t\n<style>\n#col-238422514 > .col-inner {\n  padding: 0px 0px 0px 0px;\n  margin: 0px 0px 0px 0px;\n}\n<\/style>\n\t<\/div>\n\n\t\n\n\t<div id=\"col-1093719755\" class=\"col medium-12 small-12 large-7\"  >\n\t\t\t\t<div class=\"col-inner\"  >\n\t\t\t\n\t\t\t\n\n\t<div id=\"gap-203937651\" class=\"gap-element clearfix\" style=\"display:block; height:auto;\">\n\t\t\n<style>\n#gap-203937651 {\n  padding-top: 30px;\n}\n<\/style>\n\t<\/div>\n\t\n\n\t<div id=\"text-3671186693\" class=\"text\">\n\t\t\n\n<h6>How we operate<\/h6>\n\t\t\n<style>\n#text-3671186693 {\n  font-size: 1rem;\n  color: rgb(254, 254, 254);\n}\n#text-3671186693 > * {\n  color: rgb(254, 254, 254);\n}\n@media (min-width:550px) {\n  #text-3671186693 {\n    font-size: 1.25rem;\n  }\n}\n<\/style>\n\t<\/div>\n\t\n\t<div id=\"text-3805467918\" class=\"text\">\n\t\t\n\n<h1>Our transport service<\/h1>\n\t\t\n<style>\n#text-3805467918 {\n  font-size: 2.5rem;\n  color: rgb(254, 254, 254);\n}\n#text-3805467918 > * {\n  color: rgb(254, 254, 254);\n}\n@media (min-width:550px) {\n  #text-3805467918 {\n    font-size: 3rem;\n  }\n}\n<\/style>\n\t<\/div>\n\t\n\n\t\t<\/div>\n\t\t\t\t\n<style>\n#col-1093719755 > .col-inner {\n  padding: 0px 0px 0px 0;\n}\n@media (min-width:550px) {\n  #col-1093719755 > .col-inner {\n    padding: 0px 0px 0px 30px;\n  }\n}\n<\/style>\n\t<\/div>\n\n\t\n\n<\/div>\n\n\t\t<\/div>\n\n\t\t\n<style>\n#section_1525773519 {\n  padding-top: 30px;\n  padding-bottom: 30px;\n  min-height: 300px;\n}\n#section_1525773519 .section-bg img {\n  object-position: 65% 100%;\n}\n@media (min-width:550px) {\n  #section_1525773519 {\n    min-height: 450px;\n  }\n}\n@media (min-width:850px) {\n  #section_1525773519 {\n    min-height: 500px;\n  }\n}\n<\/style>\n\t<\/section>\n\t\n<div class=\"row\" style=\"max-width:1200px\" id=\"row-1347822452\">\n\n\n\t<div id=\"col-1699552779\" class=\"col medium-12 small-12 large-5\"  >\n\t\t\t\t<div class=\"col-inner\"  >\n\t\t\t\n\t\t\t\n\n\n  <div class=\"banner has-hover\" id=\"banner-821403915\">\n          <div class=\"banner-inner fill\">\n        <div class=\"banner-bg fill\" >\n            <img loading=\"lazy\" decoding=\"async\" width=\"737\" height=\"1024\" src=\"https:\/\/repojotos.fi\/wp-content\/uploads\/2023\/04\/900x1250Repojotos-737x1024.jpg\" class=\"bg attachment-large size-large\" alt=\"\" \/>                                    \n                    <\/div>\n\t\t\n        <div class=\"banner-layers container\">\n            <div class=\"fill banner-link\"><\/div>            \n\n\n        <\/div>\n      <\/div>\n\n            \n<style>\n#banner-821403915 {\n  padding-top: 300px;\n  background-color: rgb(255, 255, 255);\n}\n#banner-821403915 .banner-bg img {\n  object-position: 50% 56%;\n}\n@media (min-width:550px) {\n  #banner-821403915 {\n    padding-top: 500px;\n  }\n}\n@media (min-width:850px) {\n  #banner-821403915 {\n    padding-top: 650px;\n  }\n}\n<\/style>\n  <\/div>\n\n\n\t<div id=\"gap-1353872781\" class=\"gap-element clearfix\" style=\"display:block; height:auto;\">\n\t\t\n<style>\n#gap-1353872781 {\n  padding-top: 0px;\n}\n@media (min-width:850px) {\n  #gap-1353872781 {\n    padding-top: 100px;\n  }\n}\n<\/style>\n\t<\/div>\n\t\n\n\n\t\t<\/div>\n\t\t\t\t\n<style>\n#col-1699552779 > .col-inner {\n  margin: -100px 0px 0px 0px;\n}\n@media (min-width:550px) {\n  #col-1699552779 > .col-inner {\n    margin: -150px 0px 0px 0px;\n  }\n}\n@media (min-width:850px) {\n  #col-1699552779 > .col-inner {\n    margin: -400px 0px 0px 0px;\n  }\n}\n<\/style>\n\t<\/div>\n\n\t\n\n\t<div id=\"col-1270872998\" class=\"col medium-11 small-12 large-7\"  >\n\t\t\t\t<div class=\"col-inner\"  >\n\t\t\t\n\t\t\t\n\n\t<div id=\"gap-1354941978\" class=\"gap-element clearfix\" style=\"display:block; height:auto;\">\n\t\t\n<style>\n#gap-1354941978 {\n  padding-top: 30px;\n}\n<\/style>\n\t<\/div>\n\t\n\n<p>Repojotos transport service is available when renting canoes, kayaks, or SUP boards.<\/p>\n<p>We transport the canoes from the paddling harbor to the departure point or pick them up from the return place back to us.<\/p>\n<p>It can accommodate 3-4 people. In this way, car drivers can also pick up their cars from the parking lot of Repojotos Paddling Harbor.<\/p>\n<a href=\"https:\/\/repojotos.fi\/kanoottien-kuljetushinnasto\/\" target=\"_blank\" class=\"button secondary is-underline\" rel=\"noopener\" >\n\t\t<span>See prices<\/span>\n\t<i class=\"icon-angle-right\" aria-hidden=\"true\"><\/i><\/a>\n\n\n\n\t\t<\/div>\n\t\t\t\t\n<style>\n#col-1270872998 > .col-inner {\n  padding: 0px 0px 0px 0;\n}\n@media (min-width:550px) {\n  #col-1270872998 > .col-inner {\n    padding: 0px 0px 0px 30px;\n  }\n}\n<\/style>\n\t<\/div>\n\n\t\n\n<\/div>\n\n\t<section class=\"section\" id=\"section_1481752460\">\n\t\t<div class=\"section-bg fill\" >\n\t\t\t\t\t\t\t\t\t\n\t\t\t\n\n\t\t<\/div>\n\n\t\t\n\n\t\t<div class=\"section-content relative\">\n\t\t\t\n\n<div class=\"row\" style=\"max-width:1200px\" id=\"row-1976156754\">\n\n\n\t<div id=\"col-730372004\" class=\"col small-12 large-12\"  >\n\t\t\t\t<div class=\"col-inner\"  >\n\t\t\t\n\t\t\t\n\n\t<div id=\"text-958450715\" class=\"text\">\n\t\t\n\n<h6>Our pricing model<\/h6>\n\t\t\n<style>\n#text-958450715 {\n  font-size: 1.1rem;\n  text-align: center;\n}\n<\/style>\n\t<\/div>\n\t\n\t<div id=\"text-4095134801\" class=\"text\">\n\t\t\n\n<h1>How we price<\/h1>\n\t\t\n<style>\n#text-4095134801 {\n  font-size: 1.75rem;\n  text-align: center;\n}\n<\/style>\n\t<\/div>\n\t\n\n\t\t<\/div>\n\t\t\t\t\t<\/div>\n\n\t\n\n<\/div>\n<div class=\"row row-large row-solid\" style=\"max-width:1200px\" id=\"row-1201832062\">\n\n\n\t<div id=\"col-449810787\" class=\"col medium-10 small-12 large-6\"  >\n\t\t\t\t<div class=\"col-inner\"  >\n\t\t\t\n\t\t\t\n\n\n\t\t<div class=\"icon-box featured-box icon-box-left text-left\"  >\n\t\t\t\t\t<div class=\"icon-box-img\" style=\"width: 69px\">\n\t\t\t\t<div class=\"icon\">\n\t\t\t\t\t<div class=\"icon-inner\" >\n\t\t\t\t\t\t<img loading=\"lazy\" decoding=\"async\" width=\"120\" height=\"120\" src=\"https:\/\/repojotos.fi\/wp-content\/uploads\/2023\/04\/check-line.png\" class=\"attachment-medium size-medium\" alt=\"\" \/>\t\t\t\t\t<\/div>\n\t\t\t\t<\/div>\n\t\t\t<\/div>\n\t\t\t\t<div class=\"icon-box-text last-reset\">\n\t\t\t\t\t\t\t\t\t\n\n<p>The basic unit of the price is the mileage. It should be noted that we have to travel back and forth when dropping off or picking up.<\/p>\n\n\t\t<\/div>\n\t<\/div>\n\t\n\t\n\t<div id=\"gap-578651253\" class=\"gap-element clearfix\" style=\"display:block; height:auto;\">\n\t\t\n<style>\n#gap-578651253 {\n  padding-top: 30px;\n}\n<\/style>\n\t<\/div>\n\t\n\n\n\t\t<div class=\"icon-box featured-box icon-box-left text-left\"  >\n\t\t\t\t\t<div class=\"icon-box-img\" style=\"width: 69px\">\n\t\t\t\t<div class=\"icon\">\n\t\t\t\t\t<div class=\"icon-inner\" >\n\t\t\t\t\t\t<img loading=\"lazy\" decoding=\"async\" width=\"120\" height=\"120\" src=\"https:\/\/repojotos.fi\/wp-content\/uploads\/2023\/04\/check-line.png\" class=\"attachment-medium size-medium\" alt=\"\" \/>\t\t\t\t\t<\/div>\n\t\t\t\t<\/div>\n\t\t\t<\/div>\n\t\t\t\t<div class=\"icon-box-text last-reset\">\n\t\t\t\t\t\t\t\t\t\n\n<p>Our standard-priced destinations are the starting and returning points of the Karij\u00e4rvi-Niskaj\u00e4rvi canoeing route, our Kimola canal service point, Verla, and the Lapinsalmi and Tervaj\u00e4rvi parking lots of Repovesi National Park.<\/p>\n\n\t\t<\/div>\n\t<\/div>\n\t\n\t\n\t<div id=\"gap-1291029752\" class=\"gap-element clearfix\" style=\"display:block; height:auto;\">\n\t\t\n<style>\n#gap-1291029752 {\n  padding-top: 30px;\n}\n<\/style>\n\t<\/div>\n\t\n\n\t<div id=\"gap-1622447539\" class=\"gap-element clearfix\" style=\"display:block; height:auto;\">\n\t\t\n<style>\n#gap-1622447539 {\n  padding-top: 30px;\n}\n<\/style>\n\t<\/div>\n\t\n\n\n\t\t<\/div>\n\t\t\t\t\n<style>\n#col-449810787 > .col-inner {\n  padding: 0px 0 0px 0px;\n}\n@media (min-width:850px) {\n  #col-449810787 > .col-inner {\n    padding: 0px 40px 0px 0px;\n  }\n}\n<\/style>\n\t<\/div>\n\n\t\n\n\t<div id=\"col-594856022\" class=\"col medium-10 small-12 large-6\"  >\n\t\t\t\t<div class=\"col-inner\"  >\n\t\t\t\n\t\t\t\n\n\n\t\t<div class=\"icon-box featured-box icon-box-left text-left\"  >\n\t\t\t\t\t<div class=\"icon-box-img\" style=\"width: 69px\">\n\t\t\t\t<div class=\"icon\">\n\t\t\t\t\t<div class=\"icon-inner\" >\n\t\t\t\t\t\t<img loading=\"lazy\" decoding=\"async\" width=\"120\" height=\"120\" src=\"https:\/\/repojotos.fi\/wp-content\/uploads\/2023\/04\/check-line.png\" class=\"attachment-medium size-medium\" alt=\"\" \/>\t\t\t\t\t<\/div>\n\t\t\t\t<\/div>\n\t\t\t<\/div>\n\t\t\t\t<div class=\"icon-box-text last-reset\">\n\t\t\t\t\t\t\t\t\t\n\n<p>Our basic price for using a car is approx 1.00-1.20 \u20ac\/km including round trip and VAT. The price includes the additional time required. <\/p>\n\n\t\t<\/div>\n\t<\/div>\n\t\n\t\n\t<div id=\"gap-387856821\" class=\"gap-element clearfix\" style=\"display:block; height:auto;\">\n\t\t\n<style>\n#gap-387856821 {\n  padding-top: 30px;\n}\n<\/style>\n\t<\/div>\n\t\n\n\n\t\t<div class=\"icon-box featured-box icon-box-left text-left\"  >\n\t\t\t\t\t<div class=\"icon-box-img\" style=\"width: 69px\">\n\t\t\t\t<div class=\"icon\">\n\t\t\t\t\t<div class=\"icon-inner\" >\n\t\t\t\t\t\t<img loading=\"lazy\" decoding=\"async\" width=\"120\" height=\"120\" src=\"https:\/\/repojotos.fi\/wp-content\/uploads\/2023\/04\/check-line.png\" class=\"attachment-medium size-medium\" alt=\"\" \/>\t\t\t\t\t<\/div>\n\t\t\t\t<\/div>\n\t\t\t<\/div>\n\t\t\t\t<div class=\"icon-box-text last-reset\">\n\t\t\t\t\t\t\t\t\t\n\n<p>The price is also affected by the time spent. After all, the worker has to get his wages. Based on our experience, the time is calculated based on the distance traveled and the loading and unloading time.<\/p>\n\n\t\t<\/div>\n\t<\/div>\n\t\n\t\n\n\t\t<\/div>\n\t\t\t\t\n<style>\n#col-594856022 > .col-inner {\n  padding: 0px 0px 0px 0;\n}\n@media (min-width:850px) {\n  #col-594856022 > .col-inner {\n    padding: 0px 0px 0px 30px;\n  }\n}\n<\/style>\n\t<\/div>\n\n\t\n\n<\/div>\n\t<div id=\"gap-431765045\" class=\"gap-element clearfix\" style=\"display:block; height:auto;\">\n\t\t\n<style>\n#gap-431765045 {\n  padding-top: 30px;\n}\n<\/style>\n\t<\/div>\n\t\n\n\n\t\t<\/div>\n\n\t\t\n<style>\n#section_1481752460 {\n  padding-top: 80px;\n  padding-bottom: 80px;\n  background-color: rgb(242, 238, 241);\n}\n<\/style>\n\t<\/section>\n\t\n\n\t<section class=\"section\" id=\"section_544730722\">\n\t\t<div class=\"section-bg fill\" >\n\t\t\t\t\t\t\t\t\t\n\t\t\t\n\n\t\t<\/div>\n\n\t\t\n\n\t\t<div class=\"section-content relative\">\n\t\t\t\n\n<div class=\"row\" style=\"max-width:1200px\" id=\"row-1117273922\">\n\n\n\t<div id=\"col-665174913\" class=\"col small-12 large-12\"  >\n\t\t\t\t<div class=\"col-inner\"  >\n\t\t\t\n\t\t\t\n\n\n  <div class=\"banner has-hover\" id=\"banner-772232469\">\n          <div class=\"banner-inner fill\">\n        <div class=\"banner-bg fill\" >\n            <img loading=\"lazy\" decoding=\"async\" width=\"1020\" height=\"571\" src=\"https:\/\/repojotos.fi\/wp-content\/uploads\/2023\/04\/1250x700-Kanoottitraileri-1024x573.jpg\" class=\"bg attachment-large size-large\" alt=\"\" \/>                                    \n                    <\/div>\n\t\t\n        <div class=\"banner-layers container\">\n            <div class=\"fill banner-link\"><\/div>            \n\n\n        <\/div>\n      <\/div>\n\n            \n<style>\n#banner-772232469 {\n  padding-top: 200px;\n  background-color: rgb(255, 255, 255);\n}\n#banner-772232469 .banner-bg img {\n  object-position: 17% 29%;\n}\n@media (min-width:550px) {\n  #banner-772232469 {\n    padding-top: 350px;\n  }\n}\n@media (min-width:850px) {\n  #banner-772232469 {\n    padding-top: 400px;\n  }\n}\n<\/style>\n  <\/div>\n\n\n\n\t\t<\/div>\n\t\t\t\t\n<style>\n#col-665174913 > .col-inner {\n  margin: -120px 0px 0px 0px;\n}\n<\/style>\n\t<\/div>\n\n\t\n\n<\/div>\n<div class=\"row align-center\" style=\"max-width:1200px\" id=\"row-285693808\">\n\n\n\t<div id=\"col-189977318\" class=\"col medium-10 small-12 large-8\"  >\n\t\t\t\t<div class=\"col-inner\"  >\n\t\t\t\n\t\t\t\n\n\t<div id=\"gap-738504869\" class=\"gap-element clearfix\" style=\"display:block; height:auto;\">\n\t\t\n<style>\n#gap-738504869 {\n  padding-top: 30px;\n}\n<\/style>\n\t<\/div>\n\t\n\n\t<div id=\"text-1272515151\" class=\"text\">\n\t\t\n\n<h6>Our latest trailer<\/h6>\n\t\t\n<style>\n#text-1272515151 {\n  font-size: 1.1rem;\n  text-align: center;\n}\n<\/style>\n\t<\/div>\n\t\n\t<div id=\"text-2273062753\" class=\"text\">\n\t\t\n\n<h1>Our new multifunctional trailer<\/h1>\n\t\t\n<style>\n#text-2273062753 {\n  font-size: 1.75rem;\n  text-align: center;\n}\n<\/style>\n\t<\/div>\n\t\n\t<div id=\"gap-1818590977\" class=\"gap-element clearfix\" style=\"display:block; height:auto;\">\n\t\t\n<style>\n#gap-1818590977 {\n  padding-top: 10px;\n}\n<\/style>\n\t<\/div>\n\t\n\n\t<div id=\"text-3505606824\" class=\"text\">\n\t\t\n\n<p>Our new trailer is designed for multi-purpose use. However, its most important task is transporting the canoes and kayaks safely and undamaged. The trailer can transport eight open canoes at once and all the necessary equipment.<\/p>\n<p>The trailer has shock absorbers and good suspension, so towing is pleasant, and you don&#8217;t have to worry about canoe damage.<\/p>\n<p>A new trailer completes our equipment. So we can load two big trailers for transport. Now we also have the possibility to rent a trailer together with canoes for longer trips.<\/p>\n\t\t\n<style>\n#text-3505606824 {\n  text-align: center;\n}\n<\/style>\n\t<\/div>\n\t\n\n\t\t<\/div>\n\t\t\t\t\t<\/div>\n\n\t\n\n<\/div>\n\n\t\t<\/div>\n\n\t\t\n<style>\n#section_544730722 {\n  padding-top: 30px;\n  padding-bottom: 30px;\n}\n<\/style>\n\t<\/section>\n\t\n\n\t<section class=\"section dark\" id=\"section_1971116649\">\n\t\t<div class=\"section-bg fill\" >\n\t\t\t\t\t\t\t\t\t\n\t\t\t\n\n\t\t<\/div>\n\n\t\t\n\n\t\t<div class=\"section-content relative\">\n\t\t\t\n\n\t<div id=\"gap-1348032493\" class=\"gap-element clearfix\" style=\"display:block; height:auto;\">\n\t\t\n<style>\n#gap-1348032493 {\n  padding-top: 30px;\n}\n<\/style>\n\t<\/div>\n\t\n\n<div class=\"row align-bottom\" style=\"max-width:1200px\" id=\"row-1153485327\">\n\n\n\t<div id=\"col-1910700705\" class=\"col medium-12 small-12 large-6\"  >\n\t\t\t\t<div class=\"col-inner\"  >\n\t\t\t\n\t\t\t\n\n\t<div id=\"text-3964757520\" class=\"text\">\n\t\t\n\n<h6>Take contact<\/h6>\n\t\t\n<style>\n#text-3964757520 {\n  font-size: 1.1rem;\n  text-align: left;\n}\n<\/style>\n\t<\/div>\n\t\n\t<div id=\"text-2819655476\" class=\"text\">\n\t\t\n\n<h2>Are you still thinking about something? Ask!<\/h2>\n\t\t\n<style>\n#text-2819655476 {\n  font-size: 2rem;\n}\n@media (min-width:550px) {\n  #text-2819655476 {\n    font-size: 1.5rem;\n  }\n}\n<\/style>\n\t<\/div>\n\t\n\n\t\t<\/div>\n\t\t\t\t\t<\/div>\n\n\t\n\n\t<div id=\"col-2086900394\" class=\"col medium-12 small-12 large-6\"  >\n\t\t\t\t<div class=\"col-inner\"  >\n\t\t\t\n\t\t\t\n\n<a href=\"https:\/\/repojotos.fi\/en\/ask-about-transportation\/\" target=\"_blank\" class=\"button white expand\" rel=\"noopener\" style=\"padding:5px 0px 5px 0px;\">\n\t\t<span>Ask about the transport service<\/span>\n\t<\/a>\n\n\n\n\t\t<\/div>\n\t\t\t\t\n<style>\n#col-2086900394 > .col-inner {\n  padding: 0px 0px 0px 0;\n  margin: -0 0px 0px 0px;\n}\n@media (min-width:850px) {\n  #col-2086900394 > .col-inner {\n    padding: 0px 0px 0px 30px;\n    margin: -70px 0px 0px 0px;\n  }\n}\n<\/style>\n\t<\/div>\n\n\t\n\n<\/div>\n\n\t\t<\/div>\n\n\t\t\n<style>\n#section_1971116649 {\n  padding-top: 30px;\n  padding-bottom: 30px;\n  background-color: rgb(39, 54, 71);\n}\n<\/style>\n\t<\/section>\n\t\n\n","protected":false},"excerpt":{"rendered":"","protected":false},"author":1,"featured_media":0,"parent":0,"menu_order":0,"comment_status":"closed","ping_status":"closed","template":"","meta":{"om_disable_all_campaigns":false,"_monsterinsights_skip_tracking":false,"_monsterinsights_sitenote_active":false,"_monsterinsights_sitenote_note":"","_monsterinsights_sitenote_category":0,"footnotes":""},"class_list":["post-581","page","type-page","status-publish","hentry"],"aioseo_notices":[],"_links":{"self":[{"href":"https:\/\/repojotos.fi\/en\/wp-json\/wp\/v2\/pages\/581","targetHints":{"allow":["GET"]}}],"collection":[{"href":"https:\/\/repojotos.fi\/en\/wp-json\/wp\/v2\/pages"}],"about":[{"href":"https:\/\/repojotos.fi\/en\/wp-json\/wp\/v2\/types\/page"}],"author":[{"embeddable":true,"href":"https:\/\/repojotos.fi\/en\/wp-json\/wp\/v2\/users\/1"}],"replies":[{"embeddable":true,"href":"https:\/\/repojotos.fi\/en\/wp-json\/wp\/v2\/comments?post=581"}],"version-history":[{"count":3,"href":"https:\/\/repojotos.fi\/en\/wp-json\/wp\/v2\/pages\/581\/revisions"}],"predecessor-version":[{"id":664,"href":"https:\/\/repojotos.fi\/en\/wp-json\/wp\/v2\/pages\/581\/revisions\/664"}],"wp:attachment":[{"href":"https:\/\/repojotos.fi\/en\/wp-json\/wp\/v2\/media?parent=581"}],"curies":[{"name":"wp","href":"https:\/\/api.w.org\/{rel}","templated":true}]}}