{"id":661,"date":"2023-04-13T09:27:39","date_gmt":"2023-04-13T06:27:39","guid":{"rendered":"https:\/\/repojotos.fi\/ask-about-transportation\/"},"modified":"2024-02-07T16:33:58","modified_gmt":"2024-02-07T14:33:58","slug":"ask-about-transportation","status":"publish","type":"page","link":"https:\/\/repojotos.fi\/en\/ask-about-transportation\/","title":{"rendered":"Ask about transportation"},"content":{"rendered":"\n\n  <div class=\"banner has-hover\" id=\"banner-1551001218\">\n          <div class=\"banner-inner fill\">\n        <div class=\"banner-bg fill\" >\n            <img loading=\"lazy\" decoding=\"async\" width=\"1020\" height=\"571\" src=\"https:\/\/repojotos.fi\/wp-content\/uploads\/2023\/04\/1250x700_kuljetus-1024x573.jpg\" class=\"bg attachment-large size-large\" alt=\"Kaupastamme saa kanootteja ja kajakkeja varusteineen. Teemme yhteisty\u00f6t\u00e4 Sumen tunnetuimman valmistajan ja maahantuojan, Welhonpes\u00e4n, kanssa.\" \/>                                    \n                    <\/div>\n\t\t\n        <div class=\"banner-layers container\">\n            <div class=\"fill banner-link\"><\/div>            \n\n   <div id=\"text-box-1751238937\" class=\"text-box banner-layer x50 md-x50 lg-x50 y50 md-y50 lg-y50 res-text\">\n                                <div class=\"text-box-content text dark\">\n              \n              <div class=\"text-inner text-center\">\n                  \n\n<h3 class=\"uppercase\"><strong>We listen to the customer&#8217;s transport needs<\/strong><\/h3>\n<p>The customer&#8217;s wishes are taken into account! In addition to canoes, the transport can accommodate people and camping equipment.<\/p>\n\n              <\/div>\n           <\/div>\n                            \n<style>\n#text-box-1751238937 {\n  width: 60%;\n}\n#text-box-1751238937 .text-box-content {\n  font-size: 100%;\n}\n<\/style>\n    <\/div>\n \n\n        <\/div>\n      <\/div>\n\n            \n<style>\n#banner-1551001218 {\n  padding-top: 300px;\n}\n<\/style>\n  <\/div>\n\n\n<div class=\"row\"  id=\"row-68558209\">\n\n\n\t<div id=\"col-527406485\" class=\"col small-12 large-12\"  >\n\t\t\t\t<div class=\"col-inner\"  >\n\t\t\t\n\t\t\t\n\n\n\n<script type=\"text\/javascript\" src=\"https:\/\/form.jotform.com\/jsform\/230995159809370\"><\/script>\n\n\n\t\t<\/div>\n\t\t\t\t\t<\/div>\n\n\t\n\n\n<style>\n#row-68558209 > .col > .col-inner {\n  padding: 0px 50px 0px 50px;\n}\n<\/style>\n<\/div>\n<div class=\"row\"  id=\"row-359156891\">\n\n\n\t<div id=\"col-2139460258\" class=\"col small-12 large-12\"  >\n\t\t\t\t<div class=\"col-inner\"  >\n\t\t\t\n\t\t\t\n\n<h3>Who is our transport service intended for?<\/h3>\n<p>We transport canoes, kayaks and SUP boards that our customers rent or buy from us. The rental equipment is transported to the excursion departure point and back from the return point. Purchased equipment is transported to the customer&#8217;s desired location, for example home or summer apartment. <\/p>\n<p>There is a price list for the transport of rental equipment. Purchased equipment can be transported to the nearby Kouvola region free of charge as part of the sale.<\/p>\n\n\t\t<\/div>\n\t\t\t\t\t<\/div>\n\n\t\n\n\n<style>\n#row-359156891 > .col > .col-inner {\n  padding: 0px 50px 0px 50px;\n}\n<\/style>\n<\/div>\n\n","protected":false},"excerpt":{"rendered":"","protected":false},"author":1,"featured_media":0,"parent":0,"menu_order":0,"comment_status":"closed","ping_status":"closed","template":"","meta":{"om_disable_all_campaigns":false,"_monsterinsights_skip_tracking":false,"_monsterinsights_sitenote_active":false,"_monsterinsights_sitenote_note":"","_monsterinsights_sitenote_category":0,"footnotes":""},"class_list":["post-661","page","type-page","status-publish","hentry"],"aioseo_notices":[],"_links":{"self":[{"href":"https:\/\/repojotos.fi\/en\/wp-json\/wp\/v2\/pages\/661","targetHints":{"allow":["GET"]}}],"collection":[{"href":"https:\/\/repojotos.fi\/en\/wp-json\/wp\/v2\/pages"}],"about":[{"href":"https:\/\/repojotos.fi\/en\/wp-json\/wp\/v2\/types\/page"}],"author":[{"embeddable":true,"href":"https:\/\/repojotos.fi\/en\/wp-json\/wp\/v2\/users\/1"}],"replies":[{"embeddable":true,"href":"https:\/\/repojotos.fi\/en\/wp-json\/wp\/v2\/comments?post=661"}],"version-history":[{"count":6,"href":"https:\/\/repojotos.fi\/en\/wp-json\/wp\/v2\/pages\/661\/revisions"}],"predecessor-version":[{"id":860,"href":"https:\/\/repojotos.fi\/en\/wp-json\/wp\/v2\/pages\/661\/revisions\/860"}],"wp:attachment":[{"href":"https:\/\/repojotos.fi\/en\/wp-json\/wp\/v2\/media?parent=661"}],"curies":[{"name":"wp","href":"https:\/\/api.w.org\/{rel}","templated":true}]}}