{"id":666,"date":"2023-03-27T15:27:58","date_gmt":"2023-03-27T12:27:58","guid":{"rendered":"https:\/\/repojotos.fi\/ask-about-our-services\/"},"modified":"2023-04-28T10:23:35","modified_gmt":"2023-04-28T07:23:35","slug":"ask-about-our-services","status":"publish","type":"page","link":"https:\/\/repojotos.fi\/en\/ask-about-our-services\/","title":{"rendered":"Ask about our services"},"content":{"rendered":"\n\n  <div class=\"banner has-hover\" id=\"banner-1791252407\">\n          <div class=\"banner-inner fill\">\n        <div class=\"banner-bg fill\" >\n            <img loading=\"lazy\" decoding=\"async\" width=\"1020\" height=\"372\" src=\"https:\/\/repojotos.fi\/wp-content\/uploads\/2023\/03\/kanoottimelojat2-1024x373.jpg\" class=\"bg attachment-large size-large\" alt=\"\" \/>                        <div class=\"overlay\"><\/div>            \n                    <\/div>\n\t\t\n        <div class=\"banner-layers container\">\n            <div class=\"fill banner-link\"><\/div>            \n\n   <div id=\"text-box-700285585\" class=\"text-box banner-layer x5 md-x5 lg-x5 y50 md-y50 lg-y50 res-text\">\n                                <div class=\"text-box-content text dark\">\n              \n              <div class=\"text-inner text-left\">\n                  \n\n\t<div id=\"text-1256405275\" class=\"text\">\n\t\t\n\n<h3 class=\"uppercase\"><strong>VIRKISTY JA KOKOonnu<\/strong><\/h3>\n<h3>LUONNOSSA<\/h3>\n<p>Vastuullisesti j\u00e4rjestetyt opastetut retket poluilla ja vesill\u00e4 sek\u00e4 ateriat\u00a0 l\u00e4hiruokaa luontoa s\u00e4\u00e4st\u00e4en.<\/p>\n<p><strong>T\u00e4yt\u00e4 ja l\u00e4het\u00e4 alla oleva lomake. Siit\u00e4 se alkaa!<\/strong><\/p>\n\t\t\n<style>\n#text-1256405275 {\n  color: rgb(255,255,255);\n}\n#text-1256405275 > * {\n  color: rgb(255,255,255);\n}\n<\/style>\n\t<\/div>\n\t\n\n              <\/div>\n           <\/div>\n                            \n<style>\n#text-box-700285585 {\n  width: 60%;\n}\n#text-box-700285585 .text-box-content {\n  font-size: 100%;\n}\n@media (min-width:550px) {\n  #text-box-700285585 {\n    width: 61%;\n  }\n}\n<\/style>\n    <\/div>\n \n\n        <\/div>\n      <\/div>\n\n            \n<style>\n#banner-1791252407 {\n  padding-top: 500px;\n  background-color: rgb(255, 255, 255);\n}\n#banner-1791252407 .overlay {\n  background-color: rgba(0,0,0,.5);\n}\n<\/style>\n  <\/div>\n\n\n<div class=\"row\"  id=\"row-231320762\">\n\n\n\t<div id=\"col-597711681\" class=\"col small-12 large-12\"  >\n\t\t\t\t<div class=\"col-inner\"  >\n\t\t\t\n\t\t\t\n\n\n\n<script type=\"text\/javascript\" src=\"https:\/\/form.jotform.com\/jsform\/40412633794959\"><\/script>\n\n\n\t\t<\/div>\n\t\t\t\t\t<\/div>\n\n\t\n\n\n<style>\n#row-231320762 > .col > .col-inner {\n  padding: 0px 50px 0px 50px;\n}\n<\/style>\n<\/div>\n<div class=\"row\"  id=\"row-1182146117\">\n\n\n\t<div id=\"col-543370016\" class=\"col small-12 large-12\"  >\n\t\t\t\t<div class=\"col-inner\"  >\n\t\t\t\n\t\t\t\n\n<h3>Virkistysretket ja kokoukset<\/h3>\n<p>Meilt\u00e4 l\u00f6ytyy mukavat ja toimivat ratkaisut virkistysretkiin ja kokouksiin. Kokouspaikan ja majoituksen valintaan on monta kivaa ratkaisua..<\/p>\n<p>Suosituin ryhm\u00e4retkemme on ollut j\u00e4ttikanoottimelonta + patikointi Repoveden kansallispuistossa tarvittavien aterioiden kera. T\u00e4h\u00e4n voidaan sovittaa my\u00f6s tiimin palaverihetki luonnon keskell\u00e4. Tai esimerkiksi kokoukselle varataan p\u00e4iv\u00e4 majoituspaikassa ja seuraava p\u00e4iv\u00e4 virkistykseen luonnossa.<\/p>\n<p>Mahdollisuuksia on monia. Meid\u00e4n teht\u00e4v\u00e4 on l\u00f6yt\u00e4\u00e4 ja tarjota teille teid\u00e4n tarpeisiin parhaiten sopiva ratkaisu. Tehd\u00e4\u00e4n onnistunut hetki yhdess\u00e4!<\/p>\n\n\t\t<\/div>\n\t\t\t\t\n<style>\n#col-543370016 > .col-inner {\n  padding: 0px 50px 0px 50px;\n}\n<\/style>\n\t<\/div>\n\n\t\n\n\n<style>\n#row-1182146117 > .col > .col-inner {\n  padding: 0px 30px 0px 30px;\n}\n<\/style>\n<\/div>\n\n","protected":false},"excerpt":{"rendered":"","protected":false},"author":1,"featured_media":0,"parent":0,"menu_order":0,"comment_status":"closed","ping_status":"closed","template":"","meta":{"om_disable_all_campaigns":false,"_monsterinsights_skip_tracking":false,"_monsterinsights_sitenote_active":false,"_monsterinsights_sitenote_note":"","_monsterinsights_sitenote_category":0,"footnotes":""},"class_list":["post-666","page","type-page","status-publish","hentry"],"aioseo_notices":[],"_links":{"self":[{"href":"https:\/\/repojotos.fi\/en\/wp-json\/wp\/v2\/pages\/666","targetHints":{"allow":["GET"]}}],"collection":[{"href":"https:\/\/repojotos.fi\/en\/wp-json\/wp\/v2\/pages"}],"about":[{"href":"https:\/\/repojotos.fi\/en\/wp-json\/wp\/v2\/types\/page"}],"author":[{"embeddable":true,"href":"https:\/\/repojotos.fi\/en\/wp-json\/wp\/v2\/users\/1"}],"replies":[{"embeddable":true,"href":"https:\/\/repojotos.fi\/en\/wp-json\/wp\/v2\/comments?post=666"}],"version-history":[{"count":4,"href":"https:\/\/repojotos.fi\/en\/wp-json\/wp\/v2\/pages\/666\/revisions"}],"predecessor-version":[{"id":674,"href":"https:\/\/repojotos.fi\/en\/wp-json\/wp\/v2\/pages\/666\/revisions\/674"}],"wp:attachment":[{"href":"https:\/\/repojotos.fi\/en\/wp-json\/wp\/v2\/media?parent=666"}],"curies":[{"name":"wp","href":"https:\/\/api.w.org\/{rel}","templated":true}]}}